{"id":5939,"date":"2025-07-20T17:11:03","date_gmt":"2025-07-20T17:11:03","guid":{"rendered":"https:\/\/ycdyapi.ucanajans.com\/wp\/?page_id=5939"},"modified":"2025-08-27T23:13:22","modified_gmt":"2025-08-27T23:13:22","slug":"kompozit-panel-kaplama","status":"publish","type":"page","link":"https:\/\/ycdyapi.ucanajans.com\/wp\/urunler\/kompozit-panel-kaplama\/","title":{"rendered":"Kompozit Panel Kaplama"},"content":{"rendered":"\t\t<div data-elementor-type=\"wp-page\" data-elementor-id=\"5939\" class=\"elementor elementor-5939\">\n\t\t\t\t<div class=\"elementor-element elementor-element-3648c01 e-flex e-con-boxed e-con e-parent\" data-id=\"3648c01\" data-element_type=\"container\" data-settings=\"{&quot;background_background&quot;:&quot;classic&quot;}\">\n\t\t\t\t\t<div class=\"e-con-inner\">\n\t\t\t\t<div class=\"elementor-element elementor-element-7b88b7c elementor-widget elementor-widget-heading\" data-id=\"7b88b7c\" data-element_type=\"widget\" data-widget_type=\"heading.default\">\n\t\t\t\t<div class=\"elementor-widget-container\">\n\t\t\t\t\t<h1 class=\"elementor-heading-title elementor-size-default\">Kompozit Panel Kaplama\n<\/h1>\t\t\t\t<\/div>\n\t\t\t\t<\/div>\n\t\t\t\t\t<\/div>\n\t\t\t\t<\/div>\n\t\t<div class=\"elementor-element elementor-element-259bd8a e-flex e-con-boxed e-con e-parent\" data-id=\"259bd8a\" data-element_type=\"container\">\n\t\t\t\t\t<div class=\"e-con-inner\">\n\t\t\t\t<div class=\"elementor-element elementor-element-af85f9e elementor-widget elementor-widget-shortcode\" data-id=\"af85f9e\" data-element_type=\"widget\" data-widget_type=\"shortcode.default\">\n\t\t\t\t<div class=\"elementor-widget-container\">\n\t\t\t\t\t\t\t<div class=\"elementor-shortcode\"><nav aria-label=\"breadcrumbs\" class=\"rank-math-breadcrumb\"><p><span class=\"last\">YCD<\/span><\/p><\/nav>\n<\/div>\n\t\t\t\t\t\t<\/div>\n\t\t\t\t<\/div>\n\t\t\t\t\t<\/div>\n\t\t\t\t<\/div>\n\t\t<div class=\"elementor-element elementor-element-2b9921d e-flex e-con-boxed e-con e-parent\" data-id=\"2b9921d\" data-element_type=\"container\">\n\t\t\t\t\t<div class=\"e-con-inner\">\n\t\t<div class=\"elementor-element elementor-element-b33430a e-con-full elementor-hidden-mobile e-flex e-con e-child\" data-id=\"b33430a\" data-element_type=\"container\" data-settings=\"{&quot;background_background&quot;:&quot;classic&quot;}\">\n\t\t\t\t<\/div>\n\t\t<div class=\"elementor-element elementor-element-d4368c9 e-con-full e-flex e-con e-child\" data-id=\"d4368c9\" data-element_type=\"container\">\n\t\t\t\t<div class=\"elementor-element elementor-element-1687941 elementor-widget elementor-widget-image\" data-id=\"1687941\" data-element_type=\"widget\" data-widget_type=\"image.default\">\n\t\t\t\t<div class=\"elementor-widget-container\">\n\t\t\t\t\t\t\t\t\t\t\t\t\t\t\t<img fetchpriority=\"high\" decoding=\"async\" width=\"840\" height=\"420\" src=\"https:\/\/ycdyapi.ucanajans.com\/wp\/wp-content\/uploads\/2025\/07\/kompozit-panel-3.jpg\" class=\"attachment-large size-large wp-image-5944\" alt=\"\" srcset=\"https:\/\/ycdyapi.ucanajans.com\/wp\/wp-content\/uploads\/2025\/07\/kompozit-panel-3.jpg 840w, https:\/\/ycdyapi.ucanajans.com\/wp\/wp-content\/uploads\/2025\/07\/kompozit-panel-3-300x150.jpg 300w, https:\/\/ycdyapi.ucanajans.com\/wp\/wp-content\/uploads\/2025\/07\/kompozit-panel-3-768x384.jpg 768w, https:\/\/ycdyapi.ucanajans.com\/wp\/wp-content\/uploads\/2025\/07\/kompozit-panel-3-440x220.jpg 440w\" sizes=\"(max-width: 840px) 100vw, 840px\" \/>\t\t\t\t\t\t\t\t\t\t\t\t\t\t\t<\/div>\n\t\t\t\t<\/div>\n\t\t\t\t<div class=\"elementor-element elementor-element-432500d elementor-widget elementor-widget-text-editor\" data-id=\"432500d\" data-element_type=\"widget\" data-widget_type=\"text-editor.default\">\n\t\t\t\t<div class=\"elementor-widget-container\">\n\t\t\t\t\t\t\t\t\t<p>Kompozit panel cephe kaplama sistemi binalar\u0131n d\u0131\u015f cephelerinde kullan\u0131lmak \u00fczere geli\u015ftirilmi\u015ftir. Alternatif alt konstr\u00fcksiyon yap\u0131ya sahip Standart \u00fcretim \u00f6l\u00e7\u00fclerinin yan\u0131 s\u0131ra iste\u011fe ba\u011fl\u0131 \u00f6zel \u00f6l\u00e7\u00fclerde \u00fcretilmektedir. Kompozit panel cephe sistemi ileri teknoloji ile \u00fcretilmi\u015f olup modern mimaride rahatl\u0131kla kullan\u0131lan ve s\u0131kl\u0131kla tercih edilen sistemdir.<\/p><p>Modern mimarinin s\u0131n\u0131r tan\u0131mayan tasar\u0131mlar\u0131na cevap verebilmek amac\u0131yla sunulan Kompozit Panel Cephe Sistemleri 16 temel renk standart olarak mevcut. Bunlar\u0131n yan\u0131 s\u0131ra belli bir miktar\u0131n \u00fczerinde t\u00fcm Ral renklerinde \u00f6zel renk ve \u00f6l\u00e7\u00fclerde imal edilmeside m\u00fcmk\u00fcnd\u00fcr. Granit ve ah\u015fap desen gibi \u00f6zel se\u00e7enekleride bulunmakta.<\/p><p>Kompozit Panel kaplama m\u00b2 fiyat\u0131n\u0131 \u00f6\u011frenmek ve teklif almak i\u00e7in bizimle ileti\u015fime ge\u00e7ebilirsiniz.<\/p>\t\t\t\t\t\t\t\t<\/div>\n\t\t\t\t<\/div>\n\t\t\t\t<div class=\"elementor-element elementor-element-bf84d91 elementor-widget elementor-widget-n-accordion\" data-id=\"bf84d91\" data-element_type=\"widget\" data-settings=\"{&quot;default_state&quot;:&quot;all_collapsed&quot;,&quot;max_items_expended&quot;:&quot;one&quot;,&quot;n_accordion_animation_duration&quot;:{&quot;unit&quot;:&quot;ms&quot;,&quot;size&quot;:400,&quot;sizes&quot;:[]}}\" data-widget_type=\"nested-accordion.default\">\n\t\t\t\t<div class=\"elementor-widget-container\">\n\t\t\t\t\t\t\t<div class=\"e-n-accordion\" aria-label=\"Accordion. Open links with Enter or Space, close with Escape, and navigate with Arrow Keys\">\n\t\t\t\t\t\t<details id=\"e-n-accordion-item-2000\" class=\"e-n-accordion-item\" >\n\t\t\t\t<summary class=\"e-n-accordion-item-title\" data-accordion-index=\"1\" tabindex=\"0\" aria-expanded=\"false\" aria-controls=\"e-n-accordion-item-2000\" >\n\t\t\t\t\t<span class='e-n-accordion-item-title-header'><div class=\"e-n-accordion-item-title-text\"> Kompozit Panel Renkleri <\/div><\/span>\n\t\t\t\t\t\t\t<span class='e-n-accordion-item-title-icon'>\n\t\t\t<span class='e-opened' ><svg aria-hidden=\"true\" class=\"e-font-icon-svg e-fas-minus\" viewBox=\"0 0 448 512\" xmlns=\"http:\/\/www.w3.org\/2000\/svg\"><path d=\"M416 208H32c-17.67 0-32 14.33-32 32v32c0 17.67 14.33 32 32 32h384c17.67 0 32-14.33 32-32v-32c0-17.67-14.33-32-32-32z\"><\/path><\/svg><\/span>\n\t\t\t<span class='e-closed'><svg aria-hidden=\"true\" class=\"e-font-icon-svg e-fas-plus\" viewBox=\"0 0 448 512\" xmlns=\"http:\/\/www.w3.org\/2000\/svg\"><path d=\"M416 208H272V64c0-17.67-14.33-32-32-32h-32c-17.67 0-32 14.33-32 32v144H32c-17.67 0-32 14.33-32 32v32c0 17.67 14.33 32 32 32h144v144c0 17.67 14.33 32 32 32h32c17.67 0 32-14.33 32-32V304h144c17.67 0 32-14.33 32-32v-32c0-17.67-14.33-32-32-32z\"><\/path><\/svg><\/span>\n\t\t<\/span>\n\n\t\t\t\t\t\t<\/summary>\n\t\t\t\t<div role=\"region\" aria-labelledby=\"e-n-accordion-item-2000\" class=\"elementor-element elementor-element-371d01e e-con-full e-flex e-con e-child\" data-id=\"371d01e\" data-element_type=\"container\">\n\t\t\t\t<div class=\"elementor-element elementor-element-aeb4bbe elementor-widget elementor-widget-text-editor\" data-id=\"aeb4bbe\" data-element_type=\"widget\" data-widget_type=\"text-editor.default\">\n\t\t\t\t<div class=\"elementor-widget-container\">\n\t\t\t\t\t\t\t\t\t<p>Kompozit Panel renklerini g\u00f6r\u00fcnt\u00fclemek i\u00e7in resimin \u00fczerine t\u0131klay\u0131n\u0131z.<\/p>\t\t\t\t\t\t\t\t<\/div>\n\t\t\t\t<\/div>\n\t\t\t\t<div class=\"elementor-element elementor-element-2359de2 elementor-widget elementor-widget-image\" data-id=\"2359de2\" data-element_type=\"widget\" data-widget_type=\"image.default\">\n\t\t\t\t<div class=\"elementor-widget-container\">\n\t\t\t\t\t\t\t\t\t\t\t\t\t\t\t<img decoding=\"async\" width=\"419\" height=\"1024\" src=\"https:\/\/ycdyapi.ucanajans.com\/wp\/wp-content\/uploads\/2025\/07\/kompozit-panel-419x1024.jpg\" class=\"attachment-large size-large wp-image-5945\" alt=\"\" srcset=\"https:\/\/ycdyapi.ucanajans.com\/wp\/wp-content\/uploads\/2025\/07\/kompozit-panel-419x1024.jpg 419w, https:\/\/ycdyapi.ucanajans.com\/wp\/wp-content\/uploads\/2025\/07\/kompozit-panel-123x300.jpg 123w, https:\/\/ycdyapi.ucanajans.com\/wp\/wp-content\/uploads\/2025\/07\/kompozit-panel-628x1536.jpg 628w, https:\/\/ycdyapi.ucanajans.com\/wp\/wp-content\/uploads\/2025\/07\/kompozit-panel-440x1076.jpg 440w, https:\/\/ycdyapi.ucanajans.com\/wp\/wp-content\/uploads\/2025\/07\/kompozit-panel.jpg 649w\" sizes=\"(max-width: 419px) 100vw, 419px\" \/>\t\t\t\t\t\t\t\t\t\t\t\t\t\t\t<\/div>\n\t\t\t\t<\/div>\n\t\t\t\t<\/div>\n\t\t\t\t\t<\/details>\n\t\t\t\t\t\t<details id=\"e-n-accordion-item-2001\" class=\"e-n-accordion-item\" >\n\t\t\t\t<summary class=\"e-n-accordion-item-title\" data-accordion-index=\"2\" tabindex=\"-1\" aria-expanded=\"false\" aria-controls=\"e-n-accordion-item-2001\" >\n\t\t\t\t\t<span class='e-n-accordion-item-title-header'><div class=\"e-n-accordion-item-title-text\"> Kompozit Panel Teknik \u00d6zellikleri <\/div><\/span>\n\t\t\t\t\t\t\t<span class='e-n-accordion-item-title-icon'>\n\t\t\t<span class='e-opened' ><svg aria-hidden=\"true\" class=\"e-font-icon-svg e-fas-minus\" viewBox=\"0 0 448 512\" xmlns=\"http:\/\/www.w3.org\/2000\/svg\"><path d=\"M416 208H32c-17.67 0-32 14.33-32 32v32c0 17.67 14.33 32 32 32h384c17.67 0 32-14.33 32-32v-32c0-17.67-14.33-32-32-32z\"><\/path><\/svg><\/span>\n\t\t\t<span class='e-closed'><svg aria-hidden=\"true\" class=\"e-font-icon-svg e-fas-plus\" viewBox=\"0 0 448 512\" xmlns=\"http:\/\/www.w3.org\/2000\/svg\"><path d=\"M416 208H272V64c0-17.67-14.33-32-32-32h-32c-17.67 0-32 14.33-32 32v144H32c-17.67 0-32 14.33-32 32v32c0 17.67 14.33 32 32 32h144v144c0 17.67 14.33 32 32 32h32c17.67 0 32-14.33 32-32V304h144c17.67 0 32-14.33 32-32v-32c0-17.67-14.33-32-32-32z\"><\/path><\/svg><\/span>\n\t\t<\/span>\n\n\t\t\t\t\t\t<\/summary>\n\t\t\t\t<div role=\"region\" aria-labelledby=\"e-n-accordion-item-2001\" class=\"elementor-element elementor-element-e6e286d e-con-full e-flex e-con e-child\" data-id=\"e6e286d\" data-element_type=\"container\">\n\t\t\t\t<div class=\"elementor-element elementor-element-a874596 elementor-widget elementor-widget-text-editor\" data-id=\"a874596\" data-element_type=\"widget\" data-widget_type=\"text-editor.default\">\n\t\t\t\t<div class=\"elementor-widget-container\">\n\t\t\t\t\t\t\t\t\t<ul><li>PVDF kalite boya RAL katalo\u011fu ya da di\u011fer renk kataloglar\u0131ndan renk sa\u011flanabilir..<\/li><li>ASTAR &#8211; PE &#8211; 5 \u00b1 2<\/li><li>Akma Mukavemeti (kg\/mm\u00b2) 4.1<\/li><li>\u00c7ekme Mukavemeti (kg\/mm\u00b2) 4,8<\/li><li>Sapma Is\u0131s\u0131 (\u00ba C) 115<\/li><li>Rijitlik (kN m\u00b2\/m) (4mm) 0.240<\/li><li>Kesit Mod\u00fcl\u00fc (cm\u00b3\/m) (3mm) 1.25<\/li><\/ul>\t\t\t\t\t\t\t\t<\/div>\n\t\t\t\t<\/div>\n\t\t\t\t<\/div>\n\t\t\t\t\t<\/details>\n\t\t\t\t\t<\/div>\n\t\t\t\t\t\t<\/div>\n\t\t\t\t<\/div>\n\t\t\t\t<\/div>\n\t\t<div class=\"elementor-element elementor-element-9055ede e-con-full e-flex e-con e-child\" data-id=\"9055ede\" data-element_type=\"container\">\n\t\t\t\t<div class=\"elementor-element elementor-element-f4e1c6d stellar elementor-hidden-tablet elementor-hidden-mobile elementor-widget elementor-widget-image\" data-id=\"f4e1c6d\" data-element_type=\"widget\" data-widget_type=\"image.default\">\n\t\t\t\t<div class=\"elementor-widget-container\">\n\t\t\t\t\t\t\t\t\t\t\t\t\t\t\t<img fetchpriority=\"high\" decoding=\"async\" width=\"840\" height=\"420\" src=\"https:\/\/ycdyapi.ucanajans.com\/wp\/wp-content\/uploads\/2025\/07\/kompozit-panel-3.jpg\" class=\"attachment-large size-large wp-image-5944\" alt=\"\" srcset=\"https:\/\/ycdyapi.ucanajans.com\/wp\/wp-content\/uploads\/2025\/07\/kompozit-panel-3.jpg 840w, https:\/\/ycdyapi.ucanajans.com\/wp\/wp-content\/uploads\/2025\/07\/kompozit-panel-3-300x150.jpg 300w, https:\/\/ycdyapi.ucanajans.com\/wp\/wp-content\/uploads\/2025\/07\/kompozit-panel-3-768x384.jpg 768w, https:\/\/ycdyapi.ucanajans.com\/wp\/wp-content\/uploads\/2025\/07\/kompozit-panel-3-440x220.jpg 440w\" sizes=\"(max-width: 840px) 100vw, 840px\" \/>\t\t\t\t\t\t\t\t\t\t\t\t\t\t\t<\/div>\n\t\t\t\t<\/div>\n\t\t\t\t<div class=\"elementor-element elementor-element-da02357 stellar elementor-widget elementor-widget-image\" data-id=\"da02357\" data-element_type=\"widget\" data-widget_type=\"image.default\">\n\t\t\t\t<div class=\"elementor-widget-container\">\n\t\t\t\t\t\t\t\t\t\t\t\t\t\t\t<img decoding=\"async\" width=\"731\" height=\"1024\" src=\"https:\/\/ycdyapi.ucanajans.com\/wp\/wp-content\/uploads\/2025\/07\/kompozit-panel-2-731x1024.jpg\" class=\"attachment-large size-large wp-image-5943\" alt=\"\" srcset=\"https:\/\/ycdyapi.ucanajans.com\/wp\/wp-content\/uploads\/2025\/07\/kompozit-panel-2-731x1024.jpg 731w, https:\/\/ycdyapi.ucanajans.com\/wp\/wp-content\/uploads\/2025\/07\/kompozit-panel-2-214x300.jpg 214w, https:\/\/ycdyapi.ucanajans.com\/wp\/wp-content\/uploads\/2025\/07\/kompozit-panel-2-768x1076.jpg 768w, https:\/\/ycdyapi.ucanajans.com\/wp\/wp-content\/uploads\/2025\/07\/kompozit-panel-2-440x616.jpg 440w, https:\/\/ycdyapi.ucanajans.com\/wp\/wp-content\/uploads\/2025\/07\/kompozit-panel-2.jpg 984w\" sizes=\"(max-width: 731px) 100vw, 731px\" \/>\t\t\t\t\t\t\t\t\t\t\t\t\t\t\t<\/div>\n\t\t\t\t<\/div>\n\t\t\t\t<div class=\"elementor-element elementor-element-8d0826b stellar elementor-widget elementor-widget-image\" data-id=\"8d0826b\" data-element_type=\"widget\" data-widget_type=\"image.default\">\n\t\t\t\t<div class=\"elementor-widget-container\">\n\t\t\t\t\t\t\t\t\t\t\t\t\t\t\t<img loading=\"lazy\" decoding=\"async\" width=\"731\" height=\"1024\" src=\"https:\/\/ycdyapi.ucanajans.com\/wp\/wp-content\/uploads\/2025\/07\/kompozit-panel-1-731x1024.jpg\" class=\"attachment-large size-large wp-image-5942\" alt=\"\" srcset=\"https:\/\/ycdyapi.ucanajans.com\/wp\/wp-content\/uploads\/2025\/07\/kompozit-panel-1-731x1024.jpg 731w, https:\/\/ycdyapi.ucanajans.com\/wp\/wp-content\/uploads\/2025\/07\/kompozit-panel-1-214x300.jpg 214w, https:\/\/ycdyapi.ucanajans.com\/wp\/wp-content\/uploads\/2025\/07\/kompozit-panel-1-768x1076.jpg 768w, https:\/\/ycdyapi.ucanajans.com\/wp\/wp-content\/uploads\/2025\/07\/kompozit-panel-1-440x616.jpg 440w, https:\/\/ycdyapi.ucanajans.com\/wp\/wp-content\/uploads\/2025\/07\/kompozit-panel-1.jpg 984w\" sizes=\"(max-width: 731px) 100vw, 731px\" \/>\t\t\t\t\t\t\t\t\t\t\t\t\t\t\t<\/div>\n\t\t\t\t<\/div>\n\t\t\t\t<\/div>\n\t\t\t\t\t<\/div>\n\t\t\t\t<\/div>\n\t\t<div class=\"elementor-element elementor-element-c30e4ba e-flex e-con-boxed e-con e-parent\" data-id=\"c30e4ba\" data-element_type=\"container\">\n\t\t\t\t\t<div class=\"e-con-inner\">\n\t\t\t\t<div class=\"elementor-element elementor-element-b82d7c7 elementor-widget elementor-widget-heading\" data-id=\"b82d7c7\" data-element_type=\"widget\" data-widget_type=\"heading.default\">\n\t\t\t\t<div class=\"elementor-widget-container\">\n\t\t\t\t\t<h2 class=\"elementor-heading-title elementor-size-default\">Kompozit Panel Kaplama \u00c7al\u0131\u015fmalar\u0131<\/h2>\t\t\t\t<\/div>\n\t\t\t\t<\/div>\n\t\t\t\t\t<\/div>\n\t\t\t\t<\/div>\n\t\t<div class=\"elementor-element elementor-element-af08ae6 e-con-full elementor-hidden-desktop elementor-hidden-tablet e-flex e-con e-child\" data-id=\"af08ae6\" data-element_type=\"container\" data-settings=\"{&quot;background_background&quot;:&quot;classic&quot;}\">\n\t\t\t\t<\/div>\n\t\t\t\t<\/div>\n\t\t","protected":false},"excerpt":{"rendered":"<p>Kompozit Panel Kaplama Kapakl\u0131 Cephe Giydirme Transparan Cephe Giydirme Al\u00fcminyum Do\u011frama Sinterflex Cephe Kaplama Kompakt Cephe Kaplama Silikon Cephe Giydirme Kompozit Panel Kaplama Terracotta Kaplama Seramik Cephe Kaplama Kompozit panel cephe kaplama sistemi binalar\u0131n d\u0131\u015f cephelerinde kullan\u0131lmak \u00fczere geli\u015ftirilmi\u015ftir. Alternatif [&hellip;]<\/p>\n","protected":false},"author":1,"featured_media":0,"parent":5793,"menu_order":0,"comment_status":"closed","ping_status":"closed","template":"elementor_header_footer","meta":{"footnotes":""},"class_list":["post-5939","page","type-page","status-publish","hentry"],"_links":{"self":[{"href":"https:\/\/ycdyapi.ucanajans.com\/wp\/wp-json\/wp\/v2\/pages\/5939","targetHints":{"allow":["GET"]}}],"collection":[{"href":"https:\/\/ycdyapi.ucanajans.com\/wp\/wp-json\/wp\/v2\/pages"}],"about":[{"href":"https:\/\/ycdyapi.ucanajans.com\/wp\/wp-json\/wp\/v2\/types\/page"}],"author":[{"embeddable":true,"href":"https:\/\/ycdyapi.ucanajans.com\/wp\/wp-json\/wp\/v2\/users\/1"}],"replies":[{"embeddable":true,"href":"https:\/\/ycdyapi.ucanajans.com\/wp\/wp-json\/wp\/v2\/comments?post=5939"}],"version-history":[{"count":17,"href":"https:\/\/ycdyapi.ucanajans.com\/wp\/wp-json\/wp\/v2\/pages\/5939\/revisions"}],"predecessor-version":[{"id":9156,"href":"https:\/\/ycdyapi.ucanajans.com\/wp\/wp-json\/wp\/v2\/pages\/5939\/revisions\/9156"}],"up":[{"embeddable":true,"href":"https:\/\/ycdyapi.ucanajans.com\/wp\/wp-json\/wp\/v2\/pages\/5793"}],"wp:attachment":[{"href":"https:\/\/ycdyapi.ucanajans.com\/wp\/wp-json\/wp\/v2\/media?parent=5939"}],"curies":[{"name":"wp","href":"https:\/\/api.w.org\/{rel}","templated":true}]}}